{"id":252,"date":"2024-11-17T08:49:15","date_gmt":"2024-11-17T08:49:15","guid":{"rendered":"https:\/\/91parallele.be\/?page_id=252"},"modified":"2026-01-07T11:03:11","modified_gmt":"2026-01-07T11:03:11","slug":"p91v0002-sangpoursang","status":"publish","type":"page","link":"https:\/\/91parallele.be\/index.php\/p91v0002-sangpoursang\/","title":{"rendered":"P91V0002-SangPourSang"},"content":{"rendered":"\n<hr class=\"wp-block-separator has-alpha-channel-opacity is-style-wide\"\/>\n\n\n\n<p class=\"has-large-font-size\"><strong>Sang pour sang<\/strong><\/p>\n\n\n\n<div class=\"wp-block-columns is-layout-flex wp-container-core-columns-is-layout-9d6595d7 wp-block-columns-is-layout-flex\">\n<div class=\"wp-block-column is-layout-flow wp-block-column-is-layout-flow\">\n<figure class=\"wp-block-image size-full is-resized\"><img loading=\"lazy\" decoding=\"async\" width=\"465\" height=\"340\" src=\"https:\/\/91parallele.be\/wp-content\/uploads\/2024\/09\/thumbnail_Lassassinat_dHenriette_Evenepoel_1847.jpg\" alt=\"\" class=\"wp-image-88\" style=\"width:300px\" srcset=\"https:\/\/91parallele.be\/wp-content\/uploads\/2024\/09\/thumbnail_Lassassinat_dHenriette_Evenepoel_1847.jpg 465w, https:\/\/91parallele.be\/wp-content\/uploads\/2024\/09\/thumbnail_Lassassinat_dHenriette_Evenepoel_1847-300x219.jpg 300w\" sizes=\"auto, (max-width: 465px) 100vw, 465px\" \/><\/figure>\n<\/div>\n\n\n\n<div class=\"wp-block-column is-layout-flow wp-block-column-is-layout-flow\">\n<p class=\"has-small-font-size\"><strong>Dates :<\/strong><strong><br>Sur demande (FR)<\/strong><br>Dur\u00e9e : 2 heures<br>D\u00e9part : devant l&rsquo;Office du Tourisme, H\u00f4tel de Ville de Bruxelles<br>Fin : Grand-Place<br>Max 20 personnes<br>Prix : 10\u20ac<br><strong>Info &amp; inscriptions via info@91parallele.be<\/strong><\/p>\n<\/div>\n<\/div>\n\n\n\n<hr class=\"wp-block-separator has-alpha-channel-opacity is-style-wide\"\/>\n\n\n\n<p class=\"has-medium-font-size\">\u00c9crivain c\u00e9l\u00e8bre, d\u00e9put\u00e9, bourgmestre, commun des mortels et m\u00eame&#8230; un cochon sont au centre des affaires criminelles \u00e9voqu\u00e9es dans cette balade. Pas de tourisme judiciaire, mais une fa\u00e7on d&rsquo;aborder l&rsquo;histoire et les l\u00e9gendes de la ville, les b\u00e2timents, l&rsquo;architecture&#8230; par l&rsquo;\u0153illeton des faits divers. Suivez les indices et notre guide pendant 2h d&rsquo;enqu\u00eate.<\/p>\n\n\n\n<hr class=\"wp-block-separator has-alpha-channel-opacity is-style-wide\"\/>\n","protected":false},"excerpt":{"rendered":"<p>Sang pour sang Dates :Sur demande (FR)Dur\u00e9e : 2 heuresD\u00e9part : devant l&rsquo;Office du Tourisme, H\u00f4tel de Ville de BruxellesFin : Grand-PlaceMax 20 personnesPrix : 10\u20acInfo &amp; inscriptions via info@91parallele.be \u00c9crivain c\u00e9l\u00e8bre, d\u00e9put\u00e9, bourgmestre, commun des mortels et m\u00eame&#8230; un cochon sont au centre des affaires criminelles \u00e9voqu\u00e9es dans cette balade. Pas de tourisme judiciaire, &hellip; <\/p>\n<p class=\"link-more\"><a href=\"https:\/\/91parallele.be\/index.php\/p91v0002-sangpoursang\/\" class=\"more-link\">Continuer la lecture<span class=\"screen-reader-text\"> de &laquo;&nbsp;P91V0002-SangPourSang&nbsp;&raquo;<\/span><\/a><\/p>\n","protected":false},"author":1,"featured_media":0,"parent":0,"menu_order":0,"comment_status":"closed","ping_status":"closed","template":"","meta":{"footnotes":""},"class_list":["post-252","page","type-page","status-publish","hentry"],"_links":{"self":[{"href":"https:\/\/91parallele.be\/index.php\/wp-json\/wp\/v2\/pages\/252","targetHints":{"allow":["GET"]}}],"collection":[{"href":"https:\/\/91parallele.be\/index.php\/wp-json\/wp\/v2\/pages"}],"about":[{"href":"https:\/\/91parallele.be\/index.php\/wp-json\/wp\/v2\/types\/page"}],"author":[{"embeddable":true,"href":"https:\/\/91parallele.be\/index.php\/wp-json\/wp\/v2\/users\/1"}],"replies":[{"embeddable":true,"href":"https:\/\/91parallele.be\/index.php\/wp-json\/wp\/v2\/comments?post=252"}],"version-history":[{"count":6,"href":"https:\/\/91parallele.be\/index.php\/wp-json\/wp\/v2\/pages\/252\/revisions"}],"predecessor-version":[{"id":970,"href":"https:\/\/91parallele.be\/index.php\/wp-json\/wp\/v2\/pages\/252\/revisions\/970"}],"wp:attachment":[{"href":"https:\/\/91parallele.be\/index.php\/wp-json\/wp\/v2\/media?parent=252"}],"curies":[{"name":"wp","href":"https:\/\/api.w.org\/{rel}","templated":true}]}}